{"id":6229,"date":"2016-01-26T14:09:13","date_gmt":"2016-01-26T13:09:13","guid":{"rendered":"http:\/\/net-net.hr\/wp\/en\/trgovina\/Bez%20kategorije\/svijeca-za-krstenje-maxi\/"},"modified":"2026-03-11T14:33:38","modified_gmt":"2026-03-11T13:33:38","slug":"svijeca-obredna-37455-box-exdor-krstenje","status":"publish","type":"product","link":"https:\/\/gravelights-led.eu\/en\/trgovina\/svijeca-obredna-37455-box-exdor-krstenje\/","title":{"rendered":"SVIJE\u0106A OBREDNA 37455 BOX EXDOR KR\u0160TENJE"},"content":{"rendered":"","protected":false},"excerpt":{"rendered":"","protected":false},"featured_media":68582,"comment_status":"closed","ping_status":"closed","template":"","meta":{"_acf_changed":false},"product_brand":[],"product_cat":[4067],"product_tag":[43330,44991,44992,44993,44994,44995,44996,44997,44998,48122,48123],"class_list":{"0":"post-6229","1":"product","2":"type-product","3":"status-publish","4":"has-post-thumbnail","6":"product_cat-vjerske-en","7":"product_tag-svijece-en","8":"product_tag-krsne-en","9":"product_tag-krstenje-en","10":"product_tag-krst-en","11":"product_tag-crkvene-en","12":"product_tag-pricet-en","13":"product_tag-firma-en","14":"product_tag-krizma-en","15":"product_tag-rodenje-en","16":"product_tag-90364-en","17":"product_tag-3858888023713-en","19":"first","20":"instock","21":"taxable","22":"shipping-taxable","23":"purchasable","24":"product-type-variable"},"acf":[],"yoast_head":"<!-- This site is optimized with the Yoast SEO plugin v27.1.1 - https:\/\/yoast.com\/product\/yoast-seo-wordpress\/ -->\n<title>SVIJE\u0106A OBREDNA 37455 BOX EXDOR KR\u0160TENJE - NET d.o.o.<\/title>\n<meta name=\"description\" content=\"Svije\u0107a obredna za kr\u0161tenje pakirana u kutiju\" \/>\n<meta name=\"robots\" content=\"index, follow, max-snippet:-1, max-image-preview:large, max-video-preview:-1\" \/>\n<link rel=\"canonical\" href=\"https:\/\/gravelights-led.eu\/en\/trgovina\/svijeca-obredna-37455-box-exdor-krstenje\/\" \/>\n<meta property=\"og:locale\" content=\"en_US\" \/>\n<meta property=\"og:type\" content=\"article\" \/>\n<meta property=\"og:title\" content=\"SVIJE\u0106A OBREDNA 37455 BOX EXDOR KR\u0160TENJE - NET d.o.o.\" \/>\n<meta property=\"og:description\" content=\"Svije\u0107a obredna za kr\u0161tenje pakirana u kutiju\" \/>\n<meta property=\"og:url\" content=\"https:\/\/gravelights-led.eu\/en\/trgovina\/svijeca-obredna-37455-box-exdor-krstenje\/\" \/>\n<meta property=\"og:site_name\" content=\"NET d.o.o.\" \/>\n<meta property=\"article:modified_time\" content=\"2026-03-11T13:33:38+00:00\" \/>\n<meta property=\"og:image\" content=\"https:\/\/gravelights-led.eu\/wp-content\/uploads\/90364.001.jpg\" \/>\n\t<meta property=\"og:image:width\" content=\"1170\" \/>\n\t<meta property=\"og:image:height\" content=\"849\" \/>\n\t<meta property=\"og:image:type\" content=\"image\/jpeg\" \/>\n<meta name=\"twitter:card\" content=\"summary_large_image\" \/>\n<script type=\"application\/ld+json\" class=\"yoast-schema-graph\">{\"@context\":\"https:\/\/schema.org\",\"@graph\":[{\"@type\":\"WebPage\",\"@id\":\"https:\/\/gravelights-led.eu\/en\/trgovina\/svijeca-obredna-37455-box-exdor-krstenje\/\",\"url\":\"https:\/\/gravelights-led.eu\/en\/trgovina\/svijeca-obredna-37455-box-exdor-krstenje\/\",\"name\":\"SVIJE\u0106A OBREDNA 37455 BOX EXDOR KR\u0160TENJE - NET d.o.o.\",\"isPartOf\":{\"@id\":\"https:\/\/gravelights-led.eu\/en\/#website\"},\"primaryImageOfPage\":{\"@id\":\"https:\/\/gravelights-led.eu\/en\/trgovina\/svijeca-obredna-37455-box-exdor-krstenje\/#primaryimage\"},\"image\":{\"@id\":\"https:\/\/gravelights-led.eu\/en\/trgovina\/svijeca-obredna-37455-box-exdor-krstenje\/#primaryimage\"},\"thumbnailUrl\":\"https:\/\/gravelights-led.eu\/wp-content\/uploads\/90364.001.jpg\",\"datePublished\":\"2016-01-26T13:09:13+00:00\",\"dateModified\":\"2026-03-11T13:33:38+00:00\",\"description\":\"Svije\u0107a obredna za kr\u0161tenje pakirana u kutiju\",\"breadcrumb\":{\"@id\":\"https:\/\/gravelights-led.eu\/en\/trgovina\/svijeca-obredna-37455-box-exdor-krstenje\/#breadcrumb\"},\"inLanguage\":\"en-US\",\"potentialAction\":[{\"@type\":\"ReadAction\",\"target\":[\"https:\/\/gravelights-led.eu\/en\/trgovina\/svijeca-obredna-37455-box-exdor-krstenje\/\"]}]},{\"@type\":\"ImageObject\",\"inLanguage\":\"en-US\",\"@id\":\"https:\/\/gravelights-led.eu\/en\/trgovina\/svijeca-obredna-37455-box-exdor-krstenje\/#primaryimage\",\"url\":\"https:\/\/gravelights-led.eu\/wp-content\/uploads\/90364.001.jpg\",\"contentUrl\":\"https:\/\/gravelights-led.eu\/wp-content\/uploads\/90364.001.jpg\",\"width\":1170,\"height\":849},{\"@type\":\"BreadcrumbList\",\"@id\":\"https:\/\/gravelights-led.eu\/en\/trgovina\/svijeca-obredna-37455-box-exdor-krstenje\/#breadcrumb\",\"itemListElement\":[{\"@type\":\"ListItem\",\"position\":1,\"name\":\"Home\",\"item\":\"https:\/\/gravelights-led.eu\/en\/\"},{\"@type\":\"ListItem\",\"position\":2,\"name\":\"Trgovina\",\"item\":\"https:\/\/gravelights-led.eu\/en\/shop\/\"},{\"@type\":\"ListItem\",\"position\":3,\"name\":\"SVIJE\u0106A OBREDNA 37455 BOX EXDOR KR\u0160TENJE\"}]},{\"@type\":\"WebSite\",\"@id\":\"https:\/\/gravelights-led.eu\/en\/#website\",\"url\":\"https:\/\/gravelights-led.eu\/en\/\",\"name\":\"NET d.o.o.\",\"description\":\"The light and warmth of your home!\",\"publisher\":{\"@id\":\"https:\/\/gravelights-led.eu\/en\/#organization\"},\"potentialAction\":[{\"@type\":\"SearchAction\",\"target\":{\"@type\":\"EntryPoint\",\"urlTemplate\":\"https:\/\/gravelights-led.eu\/en\/?s={search_term_string}\"},\"query-input\":{\"@type\":\"PropertyValueSpecification\",\"valueRequired\":true,\"valueName\":\"search_term_string\"}}],\"inLanguage\":\"en-US\"},{\"@type\":\"Organization\",\"@id\":\"https:\/\/gravelights-led.eu\/en\/#organization\",\"name\":\"NET d.o.o.\",\"url\":\"https:\/\/gravelights-led.eu\/en\/\",\"logo\":{\"@type\":\"ImageObject\",\"inLanguage\":\"en-US\",\"@id\":\"https:\/\/gravelights-led.eu\/en\/#\/schema\/logo\/image\/\",\"url\":\"https:\/\/gravelight.eu\/wp-content\/uploads\/cropped-net-ico.png\",\"contentUrl\":\"https:\/\/gravelight.eu\/wp-content\/uploads\/cropped-net-ico.png\",\"width\":512,\"height\":512,\"caption\":\"NET d.o.o.\"},\"image\":{\"@id\":\"https:\/\/gravelights-led.eu\/en\/#\/schema\/logo\/image\/\"}}]}<\/script>\n<!-- \/ Yoast SEO plugin. -->","yoast_head_json":{"title":"SVIJE\u0106A OBREDNA 37455 BOX EXDOR KR\u0160TENJE - NET d.o.o.","description":"Svije\u0107a obredna za kr\u0161tenje pakirana u kutiju","robots":{"index":"index","follow":"follow","max-snippet":"max-snippet:-1","max-image-preview":"max-image-preview:large","max-video-preview":"max-video-preview:-1"},"canonical":"https:\/\/gravelights-led.eu\/en\/trgovina\/svijeca-obredna-37455-box-exdor-krstenje\/","og_locale":"en_US","og_type":"article","og_title":"SVIJE\u0106A OBREDNA 37455 BOX EXDOR KR\u0160TENJE - NET d.o.o.","og_description":"Svije\u0107a obredna za kr\u0161tenje pakirana u kutiju","og_url":"https:\/\/gravelights-led.eu\/en\/trgovina\/svijeca-obredna-37455-box-exdor-krstenje\/","og_site_name":"NET d.o.o.","article_modified_time":"2026-03-11T13:33:38+00:00","og_image":[{"width":1170,"height":849,"url":"https:\/\/gravelights-led.eu\/wp-content\/uploads\/90364.001.jpg","type":"image\/jpeg"}],"twitter_card":"summary_large_image","schema":{"@context":"https:\/\/schema.org","@graph":[{"@type":"WebPage","@id":"https:\/\/gravelights-led.eu\/en\/trgovina\/svijeca-obredna-37455-box-exdor-krstenje\/","url":"https:\/\/gravelights-led.eu\/en\/trgovina\/svijeca-obredna-37455-box-exdor-krstenje\/","name":"SVIJE\u0106A OBREDNA 37455 BOX EXDOR KR\u0160TENJE - NET d.o.o.","isPartOf":{"@id":"https:\/\/gravelights-led.eu\/en\/#website"},"primaryImageOfPage":{"@id":"https:\/\/gravelights-led.eu\/en\/trgovina\/svijeca-obredna-37455-box-exdor-krstenje\/#primaryimage"},"image":{"@id":"https:\/\/gravelights-led.eu\/en\/trgovina\/svijeca-obredna-37455-box-exdor-krstenje\/#primaryimage"},"thumbnailUrl":"https:\/\/gravelights-led.eu\/wp-content\/uploads\/90364.001.jpg","datePublished":"2016-01-26T13:09:13+00:00","dateModified":"2026-03-11T13:33:38+00:00","description":"Svije\u0107a obredna za kr\u0161tenje pakirana u kutiju","breadcrumb":{"@id":"https:\/\/gravelights-led.eu\/en\/trgovina\/svijeca-obredna-37455-box-exdor-krstenje\/#breadcrumb"},"inLanguage":"en-US","potentialAction":[{"@type":"ReadAction","target":["https:\/\/gravelights-led.eu\/en\/trgovina\/svijeca-obredna-37455-box-exdor-krstenje\/"]}]},{"@type":"ImageObject","inLanguage":"en-US","@id":"https:\/\/gravelights-led.eu\/en\/trgovina\/svijeca-obredna-37455-box-exdor-krstenje\/#primaryimage","url":"https:\/\/gravelights-led.eu\/wp-content\/uploads\/90364.001.jpg","contentUrl":"https:\/\/gravelights-led.eu\/wp-content\/uploads\/90364.001.jpg","width":1170,"height":849},{"@type":"BreadcrumbList","@id":"https:\/\/gravelights-led.eu\/en\/trgovina\/svijeca-obredna-37455-box-exdor-krstenje\/#breadcrumb","itemListElement":[{"@type":"ListItem","position":1,"name":"Home","item":"https:\/\/gravelights-led.eu\/en\/"},{"@type":"ListItem","position":2,"name":"Trgovina","item":"https:\/\/gravelights-led.eu\/en\/shop\/"},{"@type":"ListItem","position":3,"name":"SVIJE\u0106A OBREDNA 37455 BOX EXDOR KR\u0160TENJE"}]},{"@type":"WebSite","@id":"https:\/\/gravelights-led.eu\/en\/#website","url":"https:\/\/gravelights-led.eu\/en\/","name":"NET d.o.o.","description":"The light and warmth of your home!","publisher":{"@id":"https:\/\/gravelights-led.eu\/en\/#organization"},"potentialAction":[{"@type":"SearchAction","target":{"@type":"EntryPoint","urlTemplate":"https:\/\/gravelights-led.eu\/en\/?s={search_term_string}"},"query-input":{"@type":"PropertyValueSpecification","valueRequired":true,"valueName":"search_term_string"}}],"inLanguage":"en-US"},{"@type":"Organization","@id":"https:\/\/gravelights-led.eu\/en\/#organization","name":"NET d.o.o.","url":"https:\/\/gravelights-led.eu\/en\/","logo":{"@type":"ImageObject","inLanguage":"en-US","@id":"https:\/\/gravelights-led.eu\/en\/#\/schema\/logo\/image\/","url":"https:\/\/gravelight.eu\/wp-content\/uploads\/cropped-net-ico.png","contentUrl":"https:\/\/gravelight.eu\/wp-content\/uploads\/cropped-net-ico.png","width":512,"height":512,"caption":"NET d.o.o."},"image":{"@id":"https:\/\/gravelights-led.eu\/en\/#\/schema\/logo\/image\/"}}]}},"_links":{"self":[{"href":"https:\/\/gravelights-led.eu\/en\/wp-json\/wp\/v2\/product\/6229","targetHints":{"allow":["GET"]}}],"collection":[{"href":"https:\/\/gravelights-led.eu\/en\/wp-json\/wp\/v2\/product"}],"about":[{"href":"https:\/\/gravelights-led.eu\/en\/wp-json\/wp\/v2\/types\/product"}],"replies":[{"embeddable":true,"href":"https:\/\/gravelights-led.eu\/en\/wp-json\/wp\/v2\/comments?post=6229"}],"wp:featuredmedia":[{"embeddable":true,"href":"https:\/\/gravelights-led.eu\/en\/wp-json\/wp\/v2\/media\/68582"}],"wp:attachment":[{"href":"https:\/\/gravelights-led.eu\/en\/wp-json\/wp\/v2\/media?parent=6229"}],"wp:term":[{"taxonomy":"product_brand","embeddable":true,"href":"https:\/\/gravelights-led.eu\/en\/wp-json\/wp\/v2\/product_brand?post=6229"},{"taxonomy":"product_cat","embeddable":true,"href":"https:\/\/gravelights-led.eu\/en\/wp-json\/wp\/v2\/product_cat?post=6229"},{"taxonomy":"product_tag","embeddable":true,"href":"https:\/\/gravelights-led.eu\/en\/wp-json\/wp\/v2\/product_tag?post=6229"}],"curies":[{"name":"wp","href":"https:\/\/api.w.org\/{rel}","templated":true}]}}